{"id":223,"date":"2024-08-06T11:04:04","date_gmt":"2024-08-06T09:04:04","guid":{"rendered":"https:\/\/amicalelaiquettt.fr\/?page_id=223"},"modified":"2025-09-14T20:14:22","modified_gmt":"2025-09-14T18:14:22","slug":"latelier-couture","status":"publish","type":"page","link":"https:\/\/amicalelaiquettt.fr\/index.php\/latelier-couture\/","title":{"rendered":"L&rsquo;atelier couture"},"content":{"rendered":"\n<p><\/p>\n\n\n\n<p>L&rsquo;activit\u00e9 Couture est avant tout une activit\u00e9 loisir, mais dans laquelle il y a un v\u00e9ritable apprentissage.<\/p>\n\n\n\n<p>Au cours des ateliers, d&rsquo;une dur\u00e9e de 2H30,&nbsp;<strong>Florence All\u00e8s, couturi\u00e8re professionnelle<\/strong>&nbsp;de l&rsquo;atelier Z\u00e9phyr de Soie \u00e0 Tr\u00e9vou, enseigne<strong>&nbsp;les techniques, les m\u00e9thodes, les gestes pour r\u00e9aliser des projets de couture.<\/strong><\/p>\n\n\n\n<p><\/p>\n\n\n\n<p><strong>Chaque participante est libre de choisir le projet qu&rsquo;elle veut r\u00e9aliser<\/strong>&nbsp;(v\u00eatement, objet, ameublement &#8230;) et si l&rsquo;inspiration ne vient pas, Florence propose des id\u00e9es adapt\u00e9es au niveau de chacune.<\/p>\n\n\n\n<p>Chacune est accompagn\u00e9e dans l&rsquo;\u00e9laboration de son ouvrage, et chaque \u00e9tape est l&rsquo;occasion d&rsquo;en apprendre d&rsquo;avantage sur les techniques, les tissus, etc. &#8230;<\/p>\n\n\n\n<p>Ce cours est destin\u00e9 aux&nbsp;<strong>adultes, du d\u00e9butant au plus exp\u00e9riment\u00e9.<\/strong><\/p>\n\n\n\n<p>La machine \u00e0 coudre, le tissu et le petit mat\u00e9riel doivent \u00eatre apport\u00e9 par les participantes.<\/p>\n\n\n\n<p>Chacun(e) progresse \u00e0 son rythme. Il n&rsquo;y a pas de comp\u00e9tition.<\/p>\n\n\n\n<p>Les ateliers sont des moments de partage dans la bonne humeur.<\/p>\n\n\n\n<p>A tr\u00e8s bient\u00f4t !<\/p>\n\n\n\n<div class=\"wp-block-buttons is-layout-flex wp-block-buttons-is-layout-flex\">\n<div class=\"wp-block-button\"><a class=\"wp-block-button__link wp-element-button\" href=\"https:\/\/amicalelaiquettt.fr\/index.php\/couture-dates-saison-2024-2025\/\">Cliquez pour voir les Dates (saison 2025-2026)<\/a><\/div>\n<\/div>\n\n\n\n<div class=\"wp-block-cover is-light\"><span aria-hidden=\"true\" class=\"wp-block-cover__background has-secondary-bg-color-background-color has-background-dim-100 has-background-dim\"><\/span><div class=\"wp-block-cover__inner-container is-layout-constrained wp-block-cover-is-layout-constrained\">\n<p class=\"has-text-align-center has-large-font-size\">Contact atelier couture<\/p>\n\n\n\n<p class=\"has-text-align-center\">Emmanuelle Bred\u00e8che<br>06 70 12 47 25<br><a href=\"mailto:amicaletreletrevou@gmail.com\">amicaletreletrevou@gmail.com<\/a><\/p>\n<\/div><\/div>\n\n\n\n<figure class=\"wp-block-gallery has-nested-images columns-default is-cropped wp-block-gallery-1 is-layout-flex wp-block-gallery-is-layout-flex\">\n<figure class=\"wp-block-image size-large\"><img loading=\"lazy\" decoding=\"async\" width=\"1024\" height=\"689\" data-id=\"273\" src=\"https:\/\/amicalelaiquettt.fr\/wp-content\/uploads\/2024\/08\/Capture-decran-2024-08-06-121903-1024x689.png\" alt=\"\" class=\"wp-image-273\" srcset=\"https:\/\/amicalelaiquettt.fr\/wp-content\/uploads\/2024\/08\/Capture-decran-2024-08-06-121903-1024x689.png 1024w, https:\/\/amicalelaiquettt.fr\/wp-content\/uploads\/2024\/08\/Capture-decran-2024-08-06-121903-300x202.png 300w, https:\/\/amicalelaiquettt.fr\/wp-content\/uploads\/2024\/08\/Capture-decran-2024-08-06-121903-768x516.png 768w, https:\/\/amicalelaiquettt.fr\/wp-content\/uploads\/2024\/08\/Capture-decran-2024-08-06-121903.png 1041w\" sizes=\"auto, (max-width: 1024px) 100vw, 1024px\" \/><figcaption class=\"wp-element-caption\">Le groupe de 2023-2024. Au premier rang, Florence All\u00e8s qui assure l\u2019enseignement (Photo Le T\u00e9l\u00e9gramme)<\/figcaption><\/figure>\n<\/figure>\n","protected":false},"excerpt":{"rendered":"<p>L&rsquo;activit\u00e9 Couture est avant tout une activit\u00e9 loisir, mais dans laquelle il y a un v\u00e9ritable apprentissage. Au cours des ateliers, d&rsquo;une dur\u00e9e de 2H30,&nbsp;Florence All\u00e8s, couturi\u00e8re professionnelle&nbsp;de l&rsquo;atelier Z\u00e9phyr de Soie \u00e0 Tr\u00e9vou, enseigne&nbsp;les techniques, les m\u00e9thodes, les gestes pour r\u00e9aliser des projets de couture. Chaque participante est libre de choisir le projet qu&rsquo;elle [&hellip;]<\/p>\n","protected":false},"author":1,"featured_media":0,"parent":0,"menu_order":0,"comment_status":"closed","ping_status":"closed","template":"","meta":{"footnotes":""},"class_list":["post-223","page","type-page","status-publish","hentry"],"_links":{"self":[{"href":"https:\/\/amicalelaiquettt.fr\/index.php\/wp-json\/wp\/v2\/pages\/223","targetHints":{"allow":["GET"]}}],"collection":[{"href":"https:\/\/amicalelaiquettt.fr\/index.php\/wp-json\/wp\/v2\/pages"}],"about":[{"href":"https:\/\/amicalelaiquettt.fr\/index.php\/wp-json\/wp\/v2\/types\/page"}],"author":[{"embeddable":true,"href":"https:\/\/amicalelaiquettt.fr\/index.php\/wp-json\/wp\/v2\/users\/1"}],"replies":[{"embeddable":true,"href":"https:\/\/amicalelaiquettt.fr\/index.php\/wp-json\/wp\/v2\/comments?post=223"}],"version-history":[{"count":9,"href":"https:\/\/amicalelaiquettt.fr\/index.php\/wp-json\/wp\/v2\/pages\/223\/revisions"}],"predecessor-version":[{"id":580,"href":"https:\/\/amicalelaiquettt.fr\/index.php\/wp-json\/wp\/v2\/pages\/223\/revisions\/580"}],"wp:attachment":[{"href":"https:\/\/amicalelaiquettt.fr\/index.php\/wp-json\/wp\/v2\/media?parent=223"}],"curies":[{"name":"wp","href":"https:\/\/api.w.org\/{rel}","templated":true}]}}