{"id":119,"date":"2024-08-05T15:43:22","date_gmt":"2024-08-05T13:43:22","guid":{"rendered":"https:\/\/amicalelaiquettt.fr\/?page_id=119"},"modified":"2024-09-10T16:03:30","modified_gmt":"2024-09-10T14:03:30","slug":"le-scrabble","status":"publish","type":"page","link":"https:\/\/amicalelaiquettt.fr\/index.php\/le-scrabble\/","title":{"rendered":"Le scrabble"},"content":{"rendered":"\n<p>La section Scrabble existe depuis plus de 10 ans. \u00ab\u00a0Le Scrabble Duplicate\u00a0\u00bb est un syst\u00e8me de jeu qui met les joueurs face aux m\u00eames tirages. Nous sommes une dizaine d&rsquo;adh\u00e9rentes (que des femmes !) qui nous retrouvons tous les mercredis \u00e0 17 h dans une salle du p\u00f4le nautique&nbsp;de Tr\u00e9vou Tr\u00e9guignec. C&rsquo;est un moment tr\u00e8s convivial. Pas de rivalit\u00e9, mais beaucoup de bonne humeur !<\/p>\n\n\n\n<p>Nota : l&rsquo;activit\u00e9 a lieu dans la salle du p\u00f4le nautique de Trevou en basse saison, ou dans la salle des associations de Tr\u00e9vou (lorsque l&rsquo;Office du Tourisme r\u00e9ouvre).<\/p>\n\n\n\n<div class=\"wp-block-cover is-light\"><span aria-hidden=\"true\" class=\"wp-block-cover__background has-secondary-bg-color-background-color has-background-dim-100 has-background-dim\"><\/span><div class=\"wp-block-cover__inner-container is-layout-constrained wp-block-cover-is-layout-constrained\">\n<p class=\"has-text-align-center has-large-font-size\">Contact Scrabble<\/p>\n\n\n\n<p class=\"has-text-align-center\">Yvette Le GOFF<br>06 83 31 13 82<\/p>\n<\/div><\/div>\n","protected":false},"excerpt":{"rendered":"<p>La section Scrabble existe depuis plus de 10 ans. \u00ab\u00a0Le Scrabble Duplicate\u00a0\u00bb est un syst\u00e8me de jeu qui met les joueurs face aux m\u00eames tirages. Nous sommes une dizaine d&rsquo;adh\u00e9rentes (que des femmes !) qui nous retrouvons tous les mercredis \u00e0 17 h dans une salle du p\u00f4le nautique&nbsp;de Tr\u00e9vou Tr\u00e9guignec. C&rsquo;est un moment tr\u00e8s [&hellip;]<\/p>\n","protected":false},"author":1,"featured_media":0,"parent":0,"menu_order":0,"comment_status":"closed","ping_status":"closed","template":"","meta":{"footnotes":""},"class_list":["post-119","page","type-page","status-publish","hentry"],"_links":{"self":[{"href":"https:\/\/amicalelaiquettt.fr\/index.php\/wp-json\/wp\/v2\/pages\/119","targetHints":{"allow":["GET"]}}],"collection":[{"href":"https:\/\/amicalelaiquettt.fr\/index.php\/wp-json\/wp\/v2\/pages"}],"about":[{"href":"https:\/\/amicalelaiquettt.fr\/index.php\/wp-json\/wp\/v2\/types\/page"}],"author":[{"embeddable":true,"href":"https:\/\/amicalelaiquettt.fr\/index.php\/wp-json\/wp\/v2\/users\/1"}],"replies":[{"embeddable":true,"href":"https:\/\/amicalelaiquettt.fr\/index.php\/wp-json\/wp\/v2\/comments?post=119"}],"version-history":[{"count":6,"href":"https:\/\/amicalelaiquettt.fr\/index.php\/wp-json\/wp\/v2\/pages\/119\/revisions"}],"predecessor-version":[{"id":416,"href":"https:\/\/amicalelaiquettt.fr\/index.php\/wp-json\/wp\/v2\/pages\/119\/revisions\/416"}],"wp:attachment":[{"href":"https:\/\/amicalelaiquettt.fr\/index.php\/wp-json\/wp\/v2\/media?parent=119"}],"curies":[{"name":"wp","href":"https:\/\/api.w.org\/{rel}","templated":true}]}}