{"id":114,"date":"2024-08-05T15:43:22","date_gmt":"2024-08-05T13:43:22","guid":{"rendered":"https:\/\/amicalelaiquettt.fr\/?page_id=114"},"modified":"2024-08-06T12:15:06","modified_gmt":"2024-08-06T10:15:06","slug":"la-sophrologie","status":"publish","type":"page","link":"https:\/\/amicalelaiquettt.fr\/index.php\/la-sophrologie\/","title":{"rendered":"L&rsquo;atelier de sophrologie"},"content":{"rendered":"\n<p>Cette activit\u00e9 de l&rsquo;ALTTT a \u00e9t\u00e9&nbsp; mise en place&nbsp;\u00e0 compter de septembre 2019.&nbsp;<\/p>\n\n\n\n<p>L&rsquo;atelier de sophrologie est anim\u00e9 par une sophrologue professionnelle, sous forme de&nbsp;cours collectifs&nbsp; (une dizaine de personnes) hebdomadaires d&rsquo;une heure, organis\u00e9s par trimestre&nbsp; (10 s\u00e9ances).<\/p>\n\n\n\n<p>La sophrologie&nbsp; bas\u00e9e sur des techniques de relaxation et d&rsquo;activation du corps et de l&rsquo;esprit, est un outil de d\u00e9veloppement personnel de nature \u00e0 entra\u00eener&nbsp;&nbsp;mieux \u00eatre et d\u00e9tente.<\/p>\n\n\n\n<div class=\"wp-block-cover is-light\"><span aria-hidden=\"true\" class=\"wp-block-cover__background has-secondary-bg-color-background-color has-background-dim-100 has-background-dim\"><\/span><div class=\"wp-block-cover__inner-container is-layout-constrained wp-block-cover-is-layout-constrained\">\n<p class=\"has-text-align-center has-large-font-size\">Contact atelier de sophrologie<\/p>\n\n\n\n<p class=\"has-text-align-center\">H\u00e9l\u00e8ne DARGENT<\/p>\n\n\n\n<p class=\"has-text-align-center\"><a href=\"mailto:amicaletreletrevou@gmail.com\">amicaletreletrevou@gmail.com<\/a><\/p>\n<\/div><\/div>\n","protected":false},"excerpt":{"rendered":"<p>Cette activit\u00e9 de l&rsquo;ALTTT a \u00e9t\u00e9&nbsp; mise en place&nbsp;\u00e0 compter de septembre 2019.&nbsp; L&rsquo;atelier de sophrologie est anim\u00e9 par une sophrologue professionnelle, sous forme de&nbsp;cours collectifs&nbsp; (une dizaine de personnes) hebdomadaires d&rsquo;une heure, organis\u00e9s par trimestre&nbsp; (10 s\u00e9ances). La sophrologie&nbsp; bas\u00e9e sur des techniques de relaxation et d&rsquo;activation du corps et de l&rsquo;esprit, est un [&hellip;]<\/p>\n","protected":false},"author":1,"featured_media":0,"parent":0,"menu_order":0,"comment_status":"closed","ping_status":"closed","template":"","meta":{"footnotes":""},"class_list":["post-114","page","type-page","status-publish","hentry"],"_links":{"self":[{"href":"https:\/\/amicalelaiquettt.fr\/index.php\/wp-json\/wp\/v2\/pages\/114","targetHints":{"allow":["GET"]}}],"collection":[{"href":"https:\/\/amicalelaiquettt.fr\/index.php\/wp-json\/wp\/v2\/pages"}],"about":[{"href":"https:\/\/amicalelaiquettt.fr\/index.php\/wp-json\/wp\/v2\/types\/page"}],"author":[{"embeddable":true,"href":"https:\/\/amicalelaiquettt.fr\/index.php\/wp-json\/wp\/v2\/users\/1"}],"replies":[{"embeddable":true,"href":"https:\/\/amicalelaiquettt.fr\/index.php\/wp-json\/wp\/v2\/comments?post=114"}],"version-history":[{"count":4,"href":"https:\/\/amicalelaiquettt.fr\/index.php\/wp-json\/wp\/v2\/pages\/114\/revisions"}],"predecessor-version":[{"id":271,"href":"https:\/\/amicalelaiquettt.fr\/index.php\/wp-json\/wp\/v2\/pages\/114\/revisions\/271"}],"wp:attachment":[{"href":"https:\/\/amicalelaiquettt.fr\/index.php\/wp-json\/wp\/v2\/media?parent=114"}],"curies":[{"name":"wp","href":"https:\/\/api.w.org\/{rel}","templated":true}]}}