{"id":106,"date":"2024-08-05T15:42:02","date_gmt":"2024-08-05T13:42:02","guid":{"rendered":"https:\/\/amicalelaiquettt.fr\/?page_id=106"},"modified":"2024-08-06T13:07:05","modified_gmt":"2024-08-06T11:07:05","slug":"latelier-peinture-dessin","status":"publish","type":"page","link":"https:\/\/amicalelaiquettt.fr\/index.php\/latelier-peinture-dessin\/","title":{"rendered":"L&rsquo;atelier dessin &#038; peinture"},"content":{"rendered":"\n<p><strong>L&rsquo;atelier Dessin et Peinture\u00a0<\/strong>en autonomie,\u00a0est propos\u00e9e aux \u00ab\u00a0artistes \u00a0\u00bb d\u00e9butants ou non.<br>L&rsquo;exposition des \u0153uvres obtient r\u00e9guli\u00e8rement un grand succ\u00e8s.<br><br><\/p>\n\n\n\n<div class=\"wp-block-cover is-light\"><span aria-hidden=\"true\" class=\"wp-block-cover__background has-secondary-bg-color-background-color has-background-dim-100 has-background-dim\"><\/span><div class=\"wp-block-cover__inner-container is-layout-constrained wp-block-cover-is-layout-constrained\">\n<p class=\"has-text-align-center has-large-font-size\">Contact atelier dessin &amp; peinture<\/p>\n\n\n\n<p class=\"has-text-align-center\">amicaletreletrevou@gmail.com<\/p>\n<\/div><\/div>\n","protected":false},"excerpt":{"rendered":"<p>L&rsquo;atelier Dessin et Peinture\u00a0en autonomie,\u00a0est propos\u00e9e aux \u00ab\u00a0artistes \u00a0\u00bb d\u00e9butants ou non.L&rsquo;exposition des \u0153uvres obtient r\u00e9guli\u00e8rement un grand succ\u00e8s.<\/p>\n","protected":false},"author":1,"featured_media":0,"parent":0,"menu_order":0,"comment_status":"closed","ping_status":"closed","template":"","meta":{"footnotes":""},"class_list":["post-106","page","type-page","status-publish","hentry"],"_links":{"self":[{"href":"https:\/\/amicalelaiquettt.fr\/index.php\/wp-json\/wp\/v2\/pages\/106","targetHints":{"allow":["GET"]}}],"collection":[{"href":"https:\/\/amicalelaiquettt.fr\/index.php\/wp-json\/wp\/v2\/pages"}],"about":[{"href":"https:\/\/amicalelaiquettt.fr\/index.php\/wp-json\/wp\/v2\/types\/page"}],"author":[{"embeddable":true,"href":"https:\/\/amicalelaiquettt.fr\/index.php\/wp-json\/wp\/v2\/users\/1"}],"replies":[{"embeddable":true,"href":"https:\/\/amicalelaiquettt.fr\/index.php\/wp-json\/wp\/v2\/comments?post=106"}],"version-history":[{"count":4,"href":"https:\/\/amicalelaiquettt.fr\/index.php\/wp-json\/wp\/v2\/pages\/106\/revisions"}],"predecessor-version":[{"id":310,"href":"https:\/\/amicalelaiquettt.fr\/index.php\/wp-json\/wp\/v2\/pages\/106\/revisions\/310"}],"wp:attachment":[{"href":"https:\/\/amicalelaiquettt.fr\/index.php\/wp-json\/wp\/v2\/media?parent=106"}],"curies":[{"name":"wp","href":"https:\/\/api.w.org\/{rel}","templated":true}]}}